{"id":812,"date":"2021-06-20T09:18:14","date_gmt":"2021-06-20T09:18:14","guid":{"rendered":"https:\/\/jvmicropigmentation.com\/?page_id=812"},"modified":"2022-09-11T17:10:14","modified_gmt":"2022-09-11T17:10:14","slug":"sobre-nosotros","status":"publish","type":"page","link":"https:\/\/jvmicropigmentation.com\/es\/sobre-nosotros\/","title":{"rendered":"Sobre nosotros"},"content":{"rendered":"\t\t<div data-elementor-type=\"wp-page\" data-elementor-id=\"812\" class=\"elementor elementor-812\">\n\t\t\t\t\t\t<section class=\"elementor-section elementor-top-section elementor-element elementor-element-75fc6d0 elementor-section-full_width elementor-section-height-default elementor-section-height-default\" data-id=\"75fc6d0\" data-element_type=\"section\" data-e-type=\"section\" data-settings=\"{&quot;background_background&quot;:&quot;classic&quot;}\">\n\t\t\t\t\t\t<div class=\"elementor-container elementor-column-gap-no\">\n\t\t\t\t\t<div class=\"elementor-column elementor-col-50 elementor-top-column elementor-element elementor-element-6b17f54\" data-id=\"6b17f54\" data-element_type=\"column\" data-e-type=\"column\">\n\t\t\t<div class=\"elementor-widget-wrap\">\n\t\t\t\t\t\t\t<\/div>\n\t\t<\/div>\n\t\t\t\t<div class=\"elementor-column elementor-col-50 elementor-top-column elementor-element elementor-element-ce8079a\" data-id=\"ce8079a\" data-element_type=\"column\" data-e-type=\"column\">\n\t\t\t<div class=\"elementor-widget-wrap elementor-element-populated\">\n\t\t\t\t\t\t<section class=\"elementor-section elementor-inner-section elementor-element elementor-element-ab93721 elementor-section-boxed elementor-section-height-default elementor-section-height-default\" data-id=\"ab93721\" data-element_type=\"section\" data-e-type=\"section\" data-settings=\"{&quot;background_background&quot;:&quot;classic&quot;}\">\n\t\t\t\t\t\t<div class=\"elementor-container elementor-column-gap-no\">\n\t\t\t\t\t<div class=\"elementor-column elementor-col-100 elementor-inner-column elementor-element elementor-element-7e39923\" data-id=\"7e39923\" data-element_type=\"column\" data-e-type=\"column\">\n\t\t\t<div class=\"elementor-widget-wrap elementor-element-populated\">\n\t\t\t\t\t\t<div class=\"elementor-element elementor-element-02d307a elementor-widget elementor-widget-heading\" data-id=\"02d307a\" data-element_type=\"widget\" data-e-type=\"widget\" data-widget_type=\"heading.default\">\n\t\t\t\t<div class=\"elementor-widget-container\">\n\t\t\t\t\t<h2 class=\"elementor-heading-title elementor-size-default\">Somos Jv <\/h2>\t\t\t\t<\/div>\n\t\t\t\t<\/div>\n\t\t\t\t<div class=\"elementor-element elementor-element-611dcd8 elementor-widget elementor-widget-heading\" data-id=\"611dcd8\" data-element_type=\"widget\" data-e-type=\"widget\" data-widget_type=\"heading.default\">\n\t\t\t\t<div class=\"elementor-widget-container\">\n\t\t\t\t\t<h2 class=\"elementor-heading-title elementor-size-default\">Micropigmetation And Beauty<\/h2>\t\t\t\t<\/div>\n\t\t\t\t<\/div>\n\t\t\t\t<div class=\"elementor-element elementor-element-6b82962 elementor-widget__width-initial elementor-widget elementor-widget-spacer\" data-id=\"6b82962\" data-element_type=\"widget\" data-e-type=\"widget\" data-widget_type=\"spacer.default\">\n\t\t\t\t<div class=\"elementor-widget-container\">\n\t\t\t\t\t\t\t<div class=\"elementor-spacer\">\n\t\t\t<div class=\"elementor-spacer-inner\"><\/div>\n\t\t<\/div>\n\t\t\t\t\t\t<\/div>\n\t\t\t\t<\/div>\n\t\t\t\t\t<\/div>\n\t\t<\/div>\n\t\t\t\t\t<\/div>\n\t\t<\/section>\n\t\t\t\t<div class=\"elementor-element elementor-element-1e678a7 elementor-widget elementor-widget-text-editor\" data-id=\"1e678a7\" data-element_type=\"widget\" data-e-type=\"widget\" data-widget_type=\"text-editor.default\">\n\t\t\t\t<div class=\"elementor-widget-container\">\n\t\t\t\t\t\t\t\t\t<p>\u00a0 \u00a0 \u00a0Jenniffer Vinasco, nacida en Cali Colombia el 12 de Septiembre de 1983. Llegue a este hermoso pa\u00eds con dos de mis tres hijas. A lo largo de mi carrera me he encontrado con muchos altibajos que me han hecho retroceder, pero nunca detener, porque sab\u00eda que mis peque\u00f1as depend\u00edan s\u00f3lo de mi por ser madre soltera.<br \/>\u00a0 \u00a0Llevo 21 a\u00f1os en la carrera de Micropigmentaci\u00f3n y mi actual proyecto es formar nuev@s micropigmentador@s, transmitirles no s\u00f3lo mis conocimientos, sino tambi\u00e9n la fuerza que me ha mantenido firme, para hoy poder decir con propiedad que SI SE PUEDE lograr lo que nos proponemos con: trabajo, fe en ti y sobretodo perseverancia.<br \/>\u00a0 \u00a0 Te invito a formar parte de este nuevo proyecto, donde junt@s cultivaremos y cosecharemos un mejor camino para nostr@s y nuestr@s hij@s.<\/p>\t\t\t\t\t\t\t\t<\/div>\n\t\t\t\t<\/div>\n\t\t\t\t<div class=\"elementor-element elementor-element-8bb698e elementor-widget elementor-widget-heading\" data-id=\"8bb698e\" data-element_type=\"widget\" data-e-type=\"widget\" data-widget_type=\"heading.default\">\n\t\t\t\t<div class=\"elementor-widget-container\">\n\t\t\t\t\t<h2 class=\"elementor-heading-title elementor-size-default\">\u00bfPor qu\u00e9 JV?<\/h2>\t\t\t\t<\/div>\n\t\t\t\t<\/div>\n\t\t\t\t<section class=\"elementor-section elementor-inner-section elementor-element elementor-element-b230ce9 elementor-section-boxed elementor-section-height-default elementor-section-height-default\" data-id=\"b230ce9\" data-element_type=\"section\" data-e-type=\"section\" data-settings=\"{&quot;background_background&quot;:&quot;classic&quot;}\">\n\t\t\t\t\t\t<div class=\"elementor-container elementor-column-gap-no\">\n\t\t\t\t\t<div class=\"elementor-column elementor-col-100 elementor-inner-column elementor-element elementor-element-49ab36d\" data-id=\"49ab36d\" data-element_type=\"column\" data-e-type=\"column\">\n\t\t\t<div class=\"elementor-widget-wrap elementor-element-populated\">\n\t\t\t\t\t\t<div class=\"elementor-element elementor-element-bf29ea9 elementor-position-left elementor-vertical-align-top elementor-widget elementor-widget-image-box\" data-id=\"bf29ea9\" data-element_type=\"widget\" data-e-type=\"widget\" data-widget_type=\"image-box.default\">\n\t\t\t\t<div class=\"elementor-widget-container\">\n\t\t\t\t\t<div class=\"elementor-image-box-wrapper\"><figure class=\"elementor-image-box-img\"><img fetchpriority=\"high\" decoding=\"async\" width=\"231\" height=\"300\" src=\"https:\/\/jvmicropigmentation.com\/wp-content\/uploads\/item-1-231x300.jpg\" class=\"attachment-medium size-medium wp-image-599\" alt=\"\" srcset=\"https:\/\/jvmicropigmentation.com\/wp-content\/uploads\/item-1-231x300.jpg 231w, https:\/\/jvmicropigmentation.com\/wp-content\/uploads\/item-1.jpg 600w\" sizes=\"(max-width: 231px) 100vw, 231px\" \/><\/figure><div class=\"elementor-image-box-content\"><h3 class=\"elementor-image-box-title\">Eres \u00fanica<\/h3><p class=\"elementor-image-box-description\">En nuestro estudio sabemos que la perfecci\u00f3n difiere de una persona a otra. Por esa raz\u00f3n, nos tomamos el tiempo para estudiar cada caso y cada necesidad brindandote lo mejor de nosotros de manera personalizada y exclusiva.<\/p><\/div><\/div>\t\t\t\t<\/div>\n\t\t\t\t<\/div>\n\t\t\t\t\t<\/div>\n\t\t<\/div>\n\t\t\t\t\t<\/div>\n\t\t<\/section>\n\t\t\t\t<section class=\"elementor-section elementor-inner-section elementor-element elementor-element-c6b3153 elementor-section-boxed elementor-section-height-default elementor-section-height-default\" data-id=\"c6b3153\" data-element_type=\"section\" data-e-type=\"section\" data-settings=\"{&quot;background_background&quot;:&quot;classic&quot;}\">\n\t\t\t\t\t\t<div class=\"elementor-container elementor-column-gap-no\">\n\t\t\t\t\t<div class=\"elementor-column elementor-col-100 elementor-inner-column elementor-element elementor-element-625862e\" data-id=\"625862e\" data-element_type=\"column\" data-e-type=\"column\">\n\t\t\t<div class=\"elementor-widget-wrap elementor-element-populated\">\n\t\t\t\t\t\t<div class=\"elementor-element elementor-element-9541a49 elementor-position-right elementor-vertical-align-top elementor-widget elementor-widget-image-box\" data-id=\"9541a49\" data-element_type=\"widget\" data-e-type=\"widget\" data-widget_type=\"image-box.default\">\n\t\t\t\t<div class=\"elementor-widget-container\">\n\t\t\t\t\t<div class=\"elementor-image-box-wrapper\"><figure class=\"elementor-image-box-img\"><img decoding=\"async\" width=\"231\" height=\"300\" src=\"https:\/\/jvmicropigmentation.com\/wp-content\/uploads\/tienes-acceso-a-lo-mejor-231x300.jpg\" class=\"attachment-medium size-medium wp-image-1108\" alt=\"\" srcset=\"https:\/\/jvmicropigmentation.com\/wp-content\/uploads\/tienes-acceso-a-lo-mejor-231x300.jpg 231w, https:\/\/jvmicropigmentation.com\/wp-content\/uploads\/tienes-acceso-a-lo-mejor.jpg 600w\" sizes=\"(max-width: 231px) 100vw, 231px\" \/><\/figure><div class=\"elementor-image-box-content\"><h3 class=\"elementor-image-box-title\">Tienes acceso a lo mejor<\/h3><p class=\"elementor-image-box-description\">Sabemos que cuando se trata de tu apariencia hay mucho en juego, por eso y porque tenemos claro el impacto que tenemos en tu vida, hacemos nuestra labor con el mayor cuidado y profesionalismo contando con profesionales certificados y experimentados.<\/p><\/div><\/div>\t\t\t\t<\/div>\n\t\t\t\t<\/div>\n\t\t\t\t\t<\/div>\n\t\t<\/div>\n\t\t\t\t\t<\/div>\n\t\t<\/section>\n\t\t\t\t<section class=\"elementor-section elementor-inner-section elementor-element elementor-element-bb00a5f elementor-section-boxed elementor-section-height-default elementor-section-height-default\" data-id=\"bb00a5f\" data-element_type=\"section\" data-e-type=\"section\" data-settings=\"{&quot;background_background&quot;:&quot;classic&quot;}\">\n\t\t\t\t\t\t<div class=\"elementor-container elementor-column-gap-no\">\n\t\t\t\t\t<div class=\"elementor-column elementor-col-100 elementor-inner-column elementor-element elementor-element-7e459ee\" data-id=\"7e459ee\" data-element_type=\"column\" data-e-type=\"column\">\n\t\t\t<div class=\"elementor-widget-wrap elementor-element-populated\">\n\t\t\t\t\t\t<div class=\"elementor-element elementor-element-9896e37 elementor-position-left elementor-vertical-align-top elementor-widget elementor-widget-image-box\" data-id=\"9896e37\" data-element_type=\"widget\" data-e-type=\"widget\" data-widget_type=\"image-box.default\">\n\t\t\t\t<div class=\"elementor-widget-container\">\n\t\t\t\t\t<div class=\"elementor-image-box-wrapper\"><figure class=\"elementor-image-box-img\"><img decoding=\"async\" width=\"231\" height=\"300\" src=\"https:\/\/jvmicropigmentation.com\/wp-content\/uploads\/eres-la-estrella-231x300.jpg\" class=\"attachment-medium size-medium wp-image-1110\" alt=\"\" srcset=\"https:\/\/jvmicropigmentation.com\/wp-content\/uploads\/eres-la-estrella-231x300.jpg 231w, https:\/\/jvmicropigmentation.com\/wp-content\/uploads\/eres-la-estrella.jpg 600w\" sizes=\"(max-width: 231px) 100vw, 231px\" \/><\/figure><div class=\"elementor-image-box-content\"><h3 class=\"elementor-image-box-title\">Eres la Estrella<\/h3><p class=\"elementor-image-box-description\">Nos dedicamos espec\u00edficamente a brindarte un ambiente agradable y un servicio incomparable. Con JV Micropigmentation &amp; Beauty est\u00e1s en el mejor lugar y en excelentes manos.  <\/p><\/div><\/div>\t\t\t\t<\/div>\n\t\t\t\t<\/div>\n\t\t\t\t\t<\/div>\n\t\t<\/div>\n\t\t\t\t\t<\/div>\n\t\t<\/section>\n\t\t\t\t<div class=\"elementor-element elementor-element-ce52fad elementor-widget elementor-widget-text-editor\" data-id=\"ce52fad\" data-element_type=\"widget\" data-e-type=\"widget\" data-widget_type=\"text-editor.default\">\n\t\t\t\t<div class=\"elementor-widget-container\">\n\t\t\t\t\t\t\t\t\t<p><em><strong>Somos una empresa certificada<\/strong><\/em><\/p>\t\t\t\t\t\t\t\t<\/div>\n\t\t\t\t<\/div>\n\t\t\t\t<section class=\"elementor-section elementor-inner-section elementor-element elementor-element-bd02ada elementor-section-boxed elementor-section-height-default elementor-section-height-default\" data-id=\"bd02ada\" data-element_type=\"section\" data-e-type=\"section\">\n\t\t\t\t\t\t<div class=\"elementor-container elementor-column-gap-custom\">\n\t\t\t\t\t<div class=\"elementor-column elementor-col-50 elementor-inner-column elementor-element elementor-element-90d1598\" data-id=\"90d1598\" data-element_type=\"column\" data-e-type=\"column\">\n\t\t\t<div class=\"elementor-widget-wrap elementor-element-populated\">\n\t\t\t\t\t\t<div class=\"elementor-element elementor-element-32cf6da elementor-widget-divider--view-line elementor-widget elementor-widget-divider\" data-id=\"32cf6da\" data-element_type=\"widget\" data-e-type=\"widget\" data-widget_type=\"divider.default\">\n\t\t\t\t<div class=\"elementor-widget-container\">\n\t\t\t\t\t\t\t<div class=\"elementor-divider\">\n\t\t\t<span class=\"elementor-divider-separator\">\n\t\t\t\t\t\t<\/span>\n\t\t<\/div>\n\t\t\t\t\t\t<\/div>\n\t\t\t\t<\/div>\n\t\t\t\t<div class=\"elementor-element elementor-element-70a8de6 elementor-widget elementor-widget-image\" data-id=\"70a8de6\" data-element_type=\"widget\" data-e-type=\"widget\" data-widget_type=\"image.default\">\n\t\t\t\t<div class=\"elementor-widget-container\">\n\t\t\t\t\t\t\t\t\t\t\t\t\t\t\t<img loading=\"lazy\" decoding=\"async\" width=\"443\" height=\"444\" src=\"https:\/\/jvmicropigmentation.com\/wp-content\/uploads\/pmu-board.jpg\" class=\"attachment-large size-large wp-image-1163\" alt=\"\" srcset=\"https:\/\/jvmicropigmentation.com\/wp-content\/uploads\/pmu-board.jpg 443w, https:\/\/jvmicropigmentation.com\/wp-content\/uploads\/pmu-board-300x300.jpg 300w\" sizes=\"(max-width: 443px) 100vw, 443px\" \/>\t\t\t\t\t\t\t\t\t\t\t\t\t\t\t<\/div>\n\t\t\t\t<\/div>\n\t\t\t\t\t<\/div>\n\t\t<\/div>\n\t\t\t\t<div class=\"elementor-column elementor-col-50 elementor-inner-column elementor-element elementor-element-61e3c59\" data-id=\"61e3c59\" data-element_type=\"column\" data-e-type=\"column\">\n\t\t\t<div class=\"elementor-widget-wrap elementor-element-populated\">\n\t\t\t\t\t\t<div class=\"elementor-element elementor-element-aed922e elementor-widget-divider--view-line elementor-widget elementor-widget-divider\" data-id=\"aed922e\" data-element_type=\"widget\" data-e-type=\"widget\" data-widget_type=\"divider.default\">\n\t\t\t\t<div class=\"elementor-widget-container\">\n\t\t\t\t\t\t\t<div class=\"elementor-divider\">\n\t\t\t<span class=\"elementor-divider-separator\">\n\t\t\t\t\t\t<\/span>\n\t\t<\/div>\n\t\t\t\t\t\t<\/div>\n\t\t\t\t<\/div>\n\t\t\t\t<div class=\"elementor-element elementor-element-cff4117 elementor-widget elementor-widget-image\" data-id=\"cff4117\" data-element_type=\"widget\" data-e-type=\"widget\" data-widget_type=\"image.default\">\n\t\t\t\t<div class=\"elementor-widget-container\">\n\t\t\t\t\t\t\t\t\t\t\t\t\t\t\t<img loading=\"lazy\" decoding=\"async\" width=\"436\" height=\"435\" src=\"https:\/\/jvmicropigmentation.com\/wp-content\/uploads\/certificacion-dorada.png\" class=\"attachment-large size-large wp-image-1165\" alt=\"\" srcset=\"https:\/\/jvmicropigmentation.com\/wp-content\/uploads\/certificacion-dorada.png 436w, https:\/\/jvmicropigmentation.com\/wp-content\/uploads\/certificacion-dorada-300x300.png 300w\" sizes=\"(max-width: 436px) 100vw, 436px\" \/>\t\t\t\t\t\t\t\t\t\t\t\t\t\t\t<\/div>\n\t\t\t\t<\/div>\n\t\t\t\t\t<\/div>\n\t\t<\/div>\n\t\t\t\t\t<\/div>\n\t\t<\/section>\n\t\t\t\t\t<\/div>\n\t\t<\/div>\n\t\t\t\t\t<\/div>\n\t\t<\/section>\n\t\t\t\t<\/div>\n\t\t","protected":false},"excerpt":{"rendered":"<p>Somos Jv Micropigmetation And Beauty \u00a0 \u00a0 \u00a0Jenniffer Vinasco, nacida en Cali Colombia el 12 de Septiembre de 1983. Llegue a este hermoso pa\u00eds con dos de mis tres hijas. A lo largo de mi carrera me he encontrado con muchos altibajos que me han hecho retroceder, pero nunca detener, porque sab\u00eda que mis peque\u00f1as [&hellip;]<\/p>\n","protected":false},"author":1,"featured_media":0,"parent":0,"menu_order":0,"comment_status":"closed","ping_status":"closed","template":"","meta":{"_vp_format_video_url":"","_vp_image_focal_point":[],"_joinchat":[],"footnotes":""},"class_list":["post-812","page","type-page","status-publish","hentry"],"_links":{"self":[{"href":"https:\/\/jvmicropigmentation.com\/es\/wp-json\/wp\/v2\/pages\/812","targetHints":{"allow":["GET"]}}],"collection":[{"href":"https:\/\/jvmicropigmentation.com\/es\/wp-json\/wp\/v2\/pages"}],"about":[{"href":"https:\/\/jvmicropigmentation.com\/es\/wp-json\/wp\/v2\/types\/page"}],"author":[{"embeddable":true,"href":"https:\/\/jvmicropigmentation.com\/es\/wp-json\/wp\/v2\/users\/1"}],"replies":[{"embeddable":true,"href":"https:\/\/jvmicropigmentation.com\/es\/wp-json\/wp\/v2\/comments?post=812"}],"version-history":[{"count":89,"href":"https:\/\/jvmicropigmentation.com\/es\/wp-json\/wp\/v2\/pages\/812\/revisions"}],"predecessor-version":[{"id":1562,"href":"https:\/\/jvmicropigmentation.com\/es\/wp-json\/wp\/v2\/pages\/812\/revisions\/1562"}],"wp:attachment":[{"href":"https:\/\/jvmicropigmentation.com\/es\/wp-json\/wp\/v2\/media?parent=812"}],"curies":[{"name":"wp","href":"https:\/\/api.w.org\/{rel}","templated":true}]}}