{"id":604,"date":"2021-06-10T01:44:08","date_gmt":"2021-06-10T01:44:08","guid":{"rendered":"https:\/\/jvmicropigmentation.com\/?page_id=604"},"modified":"2025-08-06T12:35:58","modified_gmt":"2025-08-06T12:35:58","slug":"agenda-tu-cita","status":"publish","type":"page","link":"https:\/\/jvmicropigmentation.com\/es\/agenda-tu-cita\/","title":{"rendered":"Agenda tu Cita"},"content":{"rendered":"\t\t<div data-elementor-type=\"wp-page\" data-elementor-id=\"604\" class=\"elementor elementor-604\">\n\t\t\t\t\t\t<section class=\"elementor-section elementor-top-section elementor-element elementor-element-d34f533 elementor-section-full_width elementor-section-height-default elementor-section-height-default\" data-id=\"d34f533\" data-element_type=\"section\" data-e-type=\"section\" data-settings=\"{&quot;background_background&quot;:&quot;classic&quot;}\">\n\t\t\t\t\t\t<div class=\"elementor-container elementor-column-gap-no\">\n\t\t\t\t\t<div class=\"elementor-column elementor-col-50 elementor-top-column elementor-element elementor-element-3f4ef3c\" data-id=\"3f4ef3c\" data-element_type=\"column\" data-e-type=\"column\">\n\t\t\t<div class=\"elementor-widget-wrap elementor-element-populated\">\n\t\t\t\t\t\t<section class=\"elementor-section elementor-inner-section elementor-element elementor-element-c1d409e elementor-section-boxed elementor-section-height-default elementor-section-height-default\" data-id=\"c1d409e\" data-element_type=\"section\" data-e-type=\"section\" data-settings=\"{&quot;background_background&quot;:&quot;classic&quot;}\">\n\t\t\t\t\t\t<div class=\"elementor-container elementor-column-gap-no\">\n\t\t\t\t\t<div class=\"elementor-column elementor-col-100 elementor-inner-column elementor-element elementor-element-a0513eb\" data-id=\"a0513eb\" data-element_type=\"column\" data-e-type=\"column\">\n\t\t\t<div class=\"elementor-widget-wrap elementor-element-populated\">\n\t\t\t\t\t\t<div class=\"elementor-element elementor-element-0b1faad elementor-widget elementor-widget-heading\" data-id=\"0b1faad\" data-element_type=\"widget\" data-e-type=\"widget\" data-widget_type=\"heading.default\">\n\t\t\t\t<div class=\"elementor-widget-container\">\n\t\t\t\t\t<h2 class=\"elementor-heading-title elementor-size-default\">Agenda tu Cita<\/h2>\t\t\t\t<\/div>\n\t\t\t\t<\/div>\n\t\t\t\t<div class=\"elementor-element elementor-element-b5fb1c6 elementor-widget__width-initial elementor-widget elementor-widget-spacer\" data-id=\"b5fb1c6\" data-element_type=\"widget\" data-e-type=\"widget\" data-widget_type=\"spacer.default\">\n\t\t\t\t<div class=\"elementor-widget-container\">\n\t\t\t\t\t\t\t<div class=\"elementor-spacer\">\n\t\t\t<div class=\"elementor-spacer-inner\"><\/div>\n\t\t<\/div>\n\t\t\t\t\t\t<\/div>\n\t\t\t\t<\/div>\n\t\t\t\t<div class=\"elementor-element elementor-element-0600d15 elementor-widget elementor-widget-text-editor\" data-id=\"0600d15\" data-element_type=\"widget\" data-e-type=\"widget\" data-widget_type=\"text-editor.default\">\n\t\t\t\t<div class=\"elementor-widget-container\">\n\t\t\t\t\t\t\t\t\t<p><strong>\u00a1Hola!<\/strong> Gracias por darnos la oportunidad de contribuir en tu empoderamiento y bienestar, a trav\u00e9s de nuestros servicios de maquillaje permanente.<\/p>\t\t\t\t\t\t\t\t<\/div>\n\t\t\t\t<\/div>\n\t\t\t\t<div class=\"elementor-element elementor-element-55b89ab elementor-widget elementor-widget-text-editor\" data-id=\"55b89ab\" data-element_type=\"widget\" data-e-type=\"widget\" data-widget_type=\"text-editor.default\">\n\t\t\t\t<div class=\"elementor-widget-container\">\n\t\t\t\t\t\t\t\t\t<p>Brindarte el mejor servicio tambi\u00e9n es una de nuestras prioridades, por eso te invitamos a conocer algunos puntos importantes de nuestro proceso antes de agendarte una cita:<\/p>\t\t\t\t\t\t\t\t<\/div>\n\t\t\t\t<\/div>\n\t\t\t\t<div class=\"elementor-element elementor-element-2bd14ef elementor-widget elementor-widget-text-editor\" data-id=\"2bd14ef\" data-element_type=\"widget\" data-e-type=\"widget\" data-widget_type=\"text-editor.default\">\n\t\t\t\t<div class=\"elementor-widget-container\">\n\t\t\t\t\t\t\t\t\t<ul>\n<li>Trabajos en cejas previamente microladeadas o tatuadas en otros lugares tendr\u00e1n un costo extra y el procedimiento y la aceptaci\u00f3n de \u00e9ste estan sujetos a previa revisi\u00f3n. Necesitaremos que nos compartas fotos para que revisemos tu caso antes de reservar una cita.<\/li>\n<li>No se admiten ni\u00f1os como invitados.<\/li>\n<li>Pol\u00edtica de agendamiento: Se requiere un deposito de $100USD para reservar una cita para cualquiera de nuestros procedimientos. Tenga claro, antes de reservar su cita, que el deposito NO ES REEMBOLSABLE bajo ninguna circunstancia.<\/li>\n<li>Pol\u00edtica de cancelaci\u00f3n: Cualquier cita cancelada dentro de una semana de la fecha de la cita perder\u00e1 su dep\u00f3sito de 100 USD y no se podr\u00e1 transferir el dep\u00f3sito a una fecha posterior.<\/li>\n<li>PRECIOS 2025<br>Todas las sesiones iniciales Incluyen kit Completo de after care\n<ul>\n<li>MICROBLADING&nbsp;<span style=\"color: #b58e00;\">$<\/span>&nbsp;550<\/li>\n<li>MICROBLADING &amp; SHADING&nbsp;<span style=\"color: #b58e00;\">$<\/span> 580<\/li>\n<li>MAGIC SHADOW <span style=\"color: #b58e00;\">$<\/span> 549<\/li>\n<li>1ST TOUCHUP&nbsp;<span style=\"color: #b58e00;\">$<\/span>&nbsp;100<\/li>\n<li>YEARLY \u2013 TOUCHUP <span style=\"color: #b58e00;\">$<\/span> 385<\/li>\n<li>LIPS BLUSH COLOR&nbsp;<span style=\"color: #b58e00;\">$<\/span>&nbsp;500<\/li>\n<li style=\"font-size: 16px;\">LIPS FULL COLOR&nbsp;<span style=\"color: #b58e00;\">$<\/span>&nbsp;650<\/li>\n<li style=\"font-size: 16px;\">JUST THE FIRST LIP NEUTRALIZATION&nbsp; <span style=\"background-color: transparent;\"><span style=\"color: #b58e00;\">$<\/span>&nbsp;<\/span><span style=\"background-color: transparent;\">550<\/span><\/li>\n<li>TOP EYELINER&nbsp;<span style=\"color: #b58e00;\">$<\/span> 400<\/li>\n<li>TWO TOP EYELINER&nbsp;<span style=\"color: #b58e00;\">$<\/span>&nbsp;650<\/li>\n<li>THREE EYERLINERS&nbsp;<span style=\"color: #b58e00;\">$<\/span>&nbsp;750<\/li>\n<li>1ST TOUCHUP <span style=\"color: #b58e00;\">$<\/span> 100<\/li>\n<li>AREOLA RECONSTRUCTION&nbsp; (requires assessment)<\/li>\n<li>NIPPLE RECONSTRUCTION&nbsp; (requires assessment)<\/li>\n<li>CLASSIC HENNA AND HAIR REMOVAL&nbsp; &nbsp; &nbsp; &nbsp; &nbsp; <span style=\"margin-bottom: 0px; padding-bottom: 0px; color: #b58e00;\">$&nbsp;<\/span>85<\/li>\n<li>EYEBROW LAMINATION WITH TINT&nbsp; &nbsp; &nbsp; &nbsp; &nbsp; &nbsp; &nbsp; <span style=\"margin-bottom: 0px; padding-bottom: 0px; color: #b58e00;\">$&nbsp;<\/span>85&nbsp;<\/li>\n<li>AIRBRUSHED HENNA AND WAXING&nbsp; &nbsp; &nbsp; &nbsp; &nbsp; &nbsp; &nbsp; &nbsp;<span style=\"margin-bottom: 0px; padding-bottom: 0px; color: #b58e00;\">$&nbsp;<\/span>105<\/li>\n<li>HENNA WITH EYEBROW SPA&nbsp; &nbsp; &nbsp; &nbsp; &nbsp; &nbsp; &nbsp; &nbsp; &nbsp; &nbsp; &nbsp; &nbsp; &nbsp; &nbsp;<span style=\"color: #b58e00;\">$<\/span>&nbsp;135<\/li>\n<\/ul>\n<\/li>\n<\/ul>\n<div>&nbsp;<\/div>\n<ul>\n<li>PRECIOS TARIFAS DE RETOQUE<br>Todas las tarifas de retoque son para los clientes que tuvieron su primera sesi\u00f3n con nosotros, NO para los que vienen de otros artistas\n<ul>\n<li>6 a 8 Semanas despu\u00e9s de la primera Sesi\u00f3n <span style=\"color: #b58e00;\">$<\/span> 100<\/li>\n<li>6 Meses de Mantenimiento <span style=\"color: #b58e00;\">$<\/span> 285<\/li>\n<\/ul>\n<\/li>\n<\/ul>\n<ul>\n<li><span style=\"color: #000000;\">Todo Cambio de cita de retoque tendr\u00e1 un recargo que var\u00eda dependiendo de la nueva fecha elegida.<\/span><\/li>\n<li>Pol\u00edtica de reprogramaci\u00f3n: Ser\u00e1 posible reprogramar las citas si el artista que te va a atender recibe un aviso con una semana de anticipaci\u00f3n a su cita programada. Debido a la disponibilidad limitada de citas, es posible que no podamos reprogramar tu cita hasta una fecha mucho m\u00e1s tarde. Las tarifas promocionales pueden cambiar si reprogramamos tu cita para una fecha posterior. Si est\u00e1s reprogramando tu TOUCH UP, las tarifas cambiar\u00e1n seg\u00fan el per\u00edodo de tiempo en el que programes tu nueva cita. Si reprogramas dentro de una semana de la fecha de tu cita, perder\u00e1s tu dep\u00f3sito y no podr\u00e1s transferir el dep\u00f3sito a una fecha posterior. Deber\u00e1s realizar un nuevo dep\u00f3sito al reprogramar una cita futura.<\/li>\n<li>Pol\u00edtica tard\u00eda: Las citas ser\u00e1n CANCELADAS y no se otorgar\u00e1n reembolsos si el cliente llega m\u00e1s de 15 minutos tarde a su cita. Nuestro artista toma varios clientes al d\u00eda y necesita la cantidad total de tiempo para cada cita. Puedes programar una nueva cita, pero deber\u00e1s realizar otro dep\u00f3sito.<\/li>\n<li>Formas de pago: Efectivo, todas las principales tarjetas de cr\u00e9dito \/ d\u00e9bito (Visa, Mastercard, Discover).<\/li>\n<li>Restricciones: Sin caf\u00e9 ni otros estimulantes Sin alcohol u otros anticoagulantes (sin Advil) Sin productos para el cuidado de la piel Retin A Si tienes alguna pregunta sobre las condiciones m\u00e9dicas, consulta a tu m\u00e9dico antes de programar tu cita y trae una nota del m\u00e9dico a tu cita.<\/li>\n<li>No reserves tu cita si: Eres menor de 18 a\u00f1os, est\u00e1s embarazada, est\u00e1s tomando medicamentos anticoagulantes, tienes infecciones, enfermedades virales \u00f3 est\u00e1s recibiendo quimioterapia<\/li>\n<\/ul>\t\t\t\t\t\t\t\t<\/div>\n\t\t\t\t<\/div>\n\t\t\t\t<div class=\"elementor-element elementor-element-6c66d62 elementor-widget elementor-widget-text-editor\" data-id=\"6c66d62\" data-element_type=\"widget\" data-e-type=\"widget\" data-widget_type=\"text-editor.default\">\n\t\t\t\t<div class=\"elementor-widget-container\">\n\t\t\t\t\t\t\t\t\t<p><b><i>\u00a1Ahora s\u00ed, nos vemos pronto!<\/i><\/b><\/p>\t\t\t\t\t\t\t\t<\/div>\n\t\t\t\t<\/div>\n\t\t\t\t<div class=\"elementor-element elementor-element-de04234 elementor-align-center elementor-widget elementor-widget-button\" data-id=\"de04234\" data-element_type=\"widget\" data-e-type=\"widget\" data-widget_type=\"button.default\">\n\t\t\t\t<div class=\"elementor-widget-container\">\n\t\t\t\t\t\t\t\t\t<div class=\"elementor-button-wrapper\">\n\t\t\t\t\t<a class=\"elementor-button elementor-button-link elementor-size-xs\" href=\"https:\/\/api.whatsapp.com\/send\/?phone=19732166856&#038;text&#038;type=phone_number&#038;app_absent=0.%20\" target=\"_blank\">\n\t\t\t\t\t\t<span class=\"elementor-button-content-wrapper\">\n\t\t\t\t\t\t<span class=\"elementor-button-icon\">\n\t\t\t\t<i aria-hidden=\"true\" class=\"fab fa-whatsapp\"><\/i>\t\t\t<\/span>\n\t\t\t\t\t\t\t\t\t<span class=\"elementor-button-text\">WhatsApp<\/span>\n\t\t\t\t\t<\/span>\n\t\t\t\t\t<\/a>\n\t\t\t\t<\/div>\n\t\t\t\t\t\t\t\t<\/div>\n\t\t\t\t<\/div>\n\t\t\t\t<div class=\"elementor-element elementor-element-99d6d72 elementor-align-center elementor-widget elementor-widget-button\" data-id=\"99d6d72\" data-element_type=\"widget\" data-e-type=\"widget\" data-widget_type=\"button.default\">\n\t\t\t\t<div class=\"elementor-widget-container\">\n\t\t\t\t\t\t\t\t\t<div class=\"elementor-button-wrapper\">\n\t\t\t\t\t<a class=\"elementor-button elementor-button-link elementor-size-xs\" href=\"https:\/\/squareup.com\/appointments\/book\/yjn4jdf02sdx95\/L97CPPQSRN55D\/start\" target=\"_blank\">\n\t\t\t\t\t\t<span class=\"elementor-button-content-wrapper\">\n\t\t\t\t\t\t<span class=\"elementor-button-icon\">\n\t\t\t\t<i aria-hidden=\"true\" class=\"far fa-calendar-alt\"><\/i>\t\t\t<\/span>\n\t\t\t\t\t\t\t\t\t<span class=\"elementor-button-text\">Programar ahora<\/span>\n\t\t\t\t\t<\/span>\n\t\t\t\t\t<\/a>\n\t\t\t\t<\/div>\n\t\t\t\t\t\t\t\t<\/div>\n\t\t\t\t<\/div>\n\t\t\t\t\t<\/div>\n\t\t<\/div>\n\t\t\t\t\t<\/div>\n\t\t<\/section>\n\t\t\t\t<div class=\"elementor-element elementor-element-f26fc07 elementor-widget elementor-widget-image\" data-id=\"f26fc07\" data-element_type=\"widget\" data-e-type=\"widget\" data-widget_type=\"image.default\">\n\t\t\t\t<div class=\"elementor-widget-container\">\n\t\t\t\t\t\t\t\t\t\t\t\t\t\t\t<img fetchpriority=\"high\" decoding=\"async\" width=\"768\" height=\"111\" src=\"https:\/\/jvmicropigmentation.com\/wp-content\/uploads\/We-are-a-certified-company-new-768x111.jpg\" class=\"attachment-medium_large size-medium_large wp-image-1860\" alt=\"\" srcset=\"https:\/\/jvmicropigmentation.com\/wp-content\/uploads\/We-are-a-certified-company-new-768x111.jpg 768w, https:\/\/jvmicropigmentation.com\/wp-content\/uploads\/We-are-a-certified-company-new-300x43.jpg 300w, https:\/\/jvmicropigmentation.com\/wp-content\/uploads\/We-are-a-certified-company-new-1024x147.jpg 1024w, https:\/\/jvmicropigmentation.com\/wp-content\/uploads\/We-are-a-certified-company-new-500x72.jpg 500w, https:\/\/jvmicropigmentation.com\/wp-content\/uploads\/We-are-a-certified-company-new-800x115.jpg 800w, https:\/\/jvmicropigmentation.com\/wp-content\/uploads\/We-are-a-certified-company-new.jpg 1243w\" sizes=\"(max-width: 768px) 100vw, 768px\" \/>\t\t\t\t\t\t\t\t\t\t\t\t\t\t\t<\/div>\n\t\t\t\t<\/div>\n\t\t\t\t\t<\/div>\n\t\t<\/div>\n\t\t\t\t<div class=\"elementor-column elementor-col-50 elementor-top-column elementor-element elementor-element-0b70be5\" data-id=\"0b70be5\" data-element_type=\"column\" data-e-type=\"column\">\n\t\t\t<div class=\"elementor-widget-wrap elementor-element-populated\">\n\t\t\t\t\t\t<div class=\"elementor-element elementor-element-77a30d4 elementor-widget elementor-widget-image\" data-id=\"77a30d4\" data-element_type=\"widget\" data-e-type=\"widget\" data-widget_type=\"image.default\">\n\t\t\t\t<div class=\"elementor-widget-container\">\n\t\t\t\t\t\t\t\t\t\t\t\t\t\t\t<img decoding=\"async\" width=\"576\" height=\"1024\" src=\"https:\/\/jvmicropigmentation.com\/wp-content\/uploads\/Portada-1080x1920-1-576x1024.jpg\" class=\"attachment-large size-large wp-image-1840\" alt=\"\" srcset=\"https:\/\/jvmicropigmentation.com\/wp-content\/uploads\/Portada-1080x1920-1-576x1024.jpg 576w, https:\/\/jvmicropigmentation.com\/wp-content\/uploads\/Portada-1080x1920-1-169x300.jpg 169w, https:\/\/jvmicropigmentation.com\/wp-content\/uploads\/Portada-1080x1920-1-768x1365.jpg 768w, https:\/\/jvmicropigmentation.com\/wp-content\/uploads\/Portada-1080x1920-1-864x1536.jpg 864w, https:\/\/jvmicropigmentation.com\/wp-content\/uploads\/Portada-1080x1920-1-500x889.jpg 500w, https:\/\/jvmicropigmentation.com\/wp-content\/uploads\/Portada-1080x1920-1-800x1422.jpg 800w, https:\/\/jvmicropigmentation.com\/wp-content\/uploads\/Portada-1080x1920-1.jpg 1080w\" sizes=\"(max-width: 576px) 100vw, 576px\" \/>\t\t\t\t\t\t\t\t\t\t\t\t\t\t\t<\/div>\n\t\t\t\t<\/div>\n\t\t\t\t\t<\/div>\n\t\t<\/div>\n\t\t\t\t\t<\/div>\n\t\t<\/section>\n\t\t\t\t<\/div>\n\t\t","protected":false},"excerpt":{"rendered":"<p>Agenda tu Cita \u00a1Hola! Gracias por darnos la oportunidad de contribuir en tu empoderamiento y bienestar, a trav\u00e9s de nuestros servicios de maquillaje permanente. Brindarte el mejor servicio tambi\u00e9n es una de nuestras prioridades, por eso te invitamos a conocer algunos puntos importantes de nuestro proceso antes de agendarte una cita: Trabajos en cejas previamente [&hellip;]<\/p>\n","protected":false},"author":1,"featured_media":0,"parent":0,"menu_order":0,"comment_status":"closed","ping_status":"closed","template":"","meta":{"_vp_format_video_url":"","_vp_image_focal_point":[],"_joinchat":[],"footnotes":""},"class_list":["post-604","page","type-page","status-publish","hentry"],"_links":{"self":[{"href":"https:\/\/jvmicropigmentation.com\/es\/wp-json\/wp\/v2\/pages\/604","targetHints":{"allow":["GET"]}}],"collection":[{"href":"https:\/\/jvmicropigmentation.com\/es\/wp-json\/wp\/v2\/pages"}],"about":[{"href":"https:\/\/jvmicropigmentation.com\/es\/wp-json\/wp\/v2\/types\/page"}],"author":[{"embeddable":true,"href":"https:\/\/jvmicropigmentation.com\/es\/wp-json\/wp\/v2\/users\/1"}],"replies":[{"embeddable":true,"href":"https:\/\/jvmicropigmentation.com\/es\/wp-json\/wp\/v2\/comments?post=604"}],"version-history":[{"count":171,"href":"https:\/\/jvmicropigmentation.com\/es\/wp-json\/wp\/v2\/pages\/604\/revisions"}],"predecessor-version":[{"id":2442,"href":"https:\/\/jvmicropigmentation.com\/es\/wp-json\/wp\/v2\/pages\/604\/revisions\/2442"}],"wp:attachment":[{"href":"https:\/\/jvmicropigmentation.com\/es\/wp-json\/wp\/v2\/media?parent=604"}],"curies":[{"name":"wp","href":"https:\/\/api.w.org\/{rel}","templated":true}]}}